{"id":205,"date":"2020-12-02T03:56:04","date_gmt":"2020-12-02T03:56:04","guid":{"rendered":"https:\/\/www.xpartansys.com\/tienda\/?post_type=product&#038;p=205"},"modified":"2021-03-11T21:59:26","modified_gmt":"2021-03-11T21:59:26","slug":"cardigan-rosa-con-cerezas","status":"publish","type":"product","link":"https:\/\/www.xpartansys.com\/tienda\/index.php\/producto\/cardigan-rosa-con-cerezas\/","title":{"rendered":"Cardigan Rosa con Cerezas"},"content":{"rendered":"<p>Impactos: 2<\/p><div class=\"js-cm-wrapper sizechart-content-container \">\n<h4 class=\"mod__header\">Tabla de Talles<\/h4>\n<table class=\"js-sizeTable mod-table\">\n<thead>\n<tr>\n<th class=\"js_size_tit\">Talle<\/th>\n<th class=\"js_size_tit\">Manga<\/th>\n<th class=\"js_size_tit\">Busto<\/th>\n<th class=\"js_size_tit\">Longitud<\/th>\n<th class=\"js_size_tit\">Hombros<\/th>\n<th class=\"js_size_tit\"><\/th>\n<th class=\"js_size_tit\"><\/th>\n<\/tr>\n<\/thead>\n<tbody>\n<tr>\n<td>P<\/td>\n<td class=\"js_change_size\" data-us=\"4\" data-uk=\"8\" data-eu=\"36\" data-br=\"P\">59<\/td>\n<td>85<\/td>\n<td>37.5<\/td>\n<td>38.8<\/td>\n<td><\/td>\n<td><\/td>\n<\/tr>\n<tr>\n<td>M<\/td>\n<td class=\"js_change_size\" data-us=\"6\" data-uk=\"10\" data-eu=\"38\" data-br=\"M\">60<\/td>\n<td>90<\/td>\n<td>38<\/td>\n<td>40<\/td>\n<td><\/td>\n<td><\/td>\n<\/tr>\n<tr>\n<td>G<\/td>\n<td class=\"js_change_size\" data-us=\"8\" data-uk=\"12\" data-eu=\"40\" data-br=\"G\">61<\/td>\n<td>95<\/td>\n<td>38.5<\/td>\n<td>41.2<\/td>\n<td><\/td>\n<td><\/td>\n<\/tr>\n<\/tbody>\n<\/table>\n<\/div>\n<p class=\"sizechart-tips\">* El tama\u00f1o se mide directamente en la ropa. Y las medidas de tama\u00f1o pueden variar de una categor\u00eda a otra.<\/p>\n<p><!--more--><\/p>\n<h4 class=\"mod__header\">\u00bfC\u00f3mo Medirse?<\/h4>\n<div class=\"mod__body measure\">\n<dl class=\"human-body clearfix\">\n<dt><img src=\"https:\/\/css.zafcdn.com\/imagecache\/ZF_V2\/images\/pageimg\/size_img\/sweaters.png\" alt=\"sweaters\" \/><\/dt>\n<\/dl>\n<ul class=\"bust-waist-hips\">\n<li>\n<h3>1BUSTO<\/h3>\n<p>Medir alrededor de la parte m\u00e1s alta del busto.<\/li>\n<li>\n<h3>2CINTURA<\/h3>\n<p>Medir alrededor de la cintura en el punto m\u00e1s estrecho.<\/li>\n<li>\n<h3>3CADERAS<\/h3>\n<p>P\u00e1rese derecho y mida alrededor de la parte m\u00e1s ancha de las caderas.<\/li>\n<\/ul>\n<\/div>\n<p>&nbsp;<\/p>\n","protected":false},"excerpt":{"rendered":"<h4>Cardigan color rosa con cerezas bordadas, corto tipo &#8220;crop&#8221;.<\/h4>\n","protected":false},"featured_media":206,"template":"","meta":[],"product_cat":[15,26,21],"product_tag":[123,50,116,126,82,124,125],"_links":{"self":[{"href":"https:\/\/www.xpartansys.com\/tienda\/index.php\/wp-json\/wp\/v2\/product\/205"}],"collection":[{"href":"https:\/\/www.xpartansys.com\/tienda\/index.php\/wp-json\/wp\/v2\/product"}],"about":[{"href":"https:\/\/www.xpartansys.com\/tienda\/index.php\/wp-json\/wp\/v2\/types\/product"}],"wp:featuredmedia":[{"embeddable":true,"href":"https:\/\/www.xpartansys.com\/tienda\/index.php\/wp-json\/wp\/v2\/media\/206"}],"wp:attachment":[{"href":"https:\/\/www.xpartansys.com\/tienda\/index.php\/wp-json\/wp\/v2\/media?parent=205"}],"wp:term":[{"taxonomy":"product_cat","embeddable":true,"href":"https:\/\/www.xpartansys.com\/tienda\/index.php\/wp-json\/wp\/v2\/product_cat?post=205"},{"taxonomy":"product_tag","embeddable":true,"href":"https:\/\/www.xpartansys.com\/tienda\/index.php\/wp-json\/wp\/v2\/product_tag?post=205"}],"curies":[{"name":"wp","href":"https:\/\/api.w.org\/{rel}","templated":true}]}}