{"id":48,"date":"2020-11-24T16:16:36","date_gmt":"2020-11-24T16:16:36","guid":{"rendered":"https:\/\/www.xpartansys.com\/tienda\/?post_type=product&#038;p=48"},"modified":"2020-12-02T04:42:03","modified_gmt":"2020-12-02T04:42:03","slug":"jean-suelto","status":"publish","type":"product","link":"https:\/\/www.xpartansys.com\/tienda\/index.php\/producto\/jean-suelto\/","title":{"rendered":"Baggy Jean"},"content":{"rendered":"<p>Impactos: 0<\/p><div class=\"js-cm-wrapper sizechart-content-container \">\n<h4 class=\"mod__header\">Tabla de Talles<\/h4>\n<table class=\"js-sizeTable mod-table\">\n<thead>\n<tr>\n<th class=\"js_size_tit\">Talle<\/th>\n<th class=\"js_size_tit\">Longitud<\/th>\n<th class=\"js_size_tit\">Cintura<\/th>\n<th class=\"js_size_tit\">Caderas<\/th>\n<th class=\"js_size_tit\"><\/th>\n<\/tr>\n<\/thead>\n<tbody>\n<tr>\n<td>P<\/td>\n<td class=\"js_change_size\" data-us=\"2\" data-uk=\"6\" data-eu=\"34\" data-br=\"PP\">97<\/td>\n<td>66<\/td>\n<td>104<\/td>\n<td><\/td>\n<\/tr>\n<tr>\n<td>M<\/td>\n<td class=\"js_change_size\" data-us=\"4\" data-uk=\"8\" data-eu=\"36\" data-br=\"P\">98<\/td>\n<td>70<\/td>\n<td>108<\/td>\n<td><\/td>\n<\/tr>\n<tr>\n<td>G<\/td>\n<td class=\"js_change_size\" data-us=\"6\" data-uk=\"10\" data-eu=\"38\" data-br=\"M\">99<\/td>\n<td>74<\/td>\n<td>112<\/td>\n<td><\/td>\n<\/tr>\n<tr>\n<td>XG<\/td>\n<td class=\"js_change_size\" data-us=\"8\" data-uk=\"12\" data-eu=\"40\" data-br=\"G\">100<\/td>\n<td>78<\/td>\n<td>116<\/td>\n<td><\/td>\n<\/tr>\n<\/tbody>\n<\/table>\n<\/div>\n<p class=\"sizechart-tips\">* El tama\u00f1o se mide directamente en la ropa. Y las medidas de tama\u00f1o pueden variar de una categor\u00eda a otra. Por favor presta atenci\u00f3n a esto.<\/p>\n<p><!--more--><\/p>\n<h4 class=\"mod__header\">\u00bfC\u00f3mo Medirse?<\/h4>\n<p><img src=\"https:\/\/css.zafcdn.com\/imagecache\/ZF_V2\/images\/pageimg\/size_img\/pants.png\" alt=\"pants\" \/><\/p>\n<ul class=\"bust-waist-hips\">\n<li>\n<h3>1BUSTO<\/h3>\n<p>Medir alrededor de la parte m\u00e1s alta del busto.<\/li>\n<li>\n<h3>2CINTURA<\/h3>\n<p>Medir alrededor de la cintura en el punto m\u00e1s estrecho.<\/li>\n<li>\n<h3>3CADERAS<\/h3>\n<p>P\u00e1rese derecho y mida alrededor de la parte m\u00e1s ancha de las caderas.<\/li>\n<\/ul>\n","protected":false},"excerpt":{"rendered":"<div class=\"js-cm-wrapper sizechart-content-container \">\n<h4>Jean tipo &#8220;Baggy Jean&#8221;, holgado, color jean claro, estilo vintage.<\/h4>\n<\/div>\n<p>&nbsp;<\/p>\n","protected":false},"featured_media":176,"template":"","meta":[],"product_cat":[27,30],"product_tag":[111,113,40,112,41],"_links":{"self":[{"href":"https:\/\/www.xpartansys.com\/tienda\/index.php\/wp-json\/wp\/v2\/product\/48"}],"collection":[{"href":"https:\/\/www.xpartansys.com\/tienda\/index.php\/wp-json\/wp\/v2\/product"}],"about":[{"href":"https:\/\/www.xpartansys.com\/tienda\/index.php\/wp-json\/wp\/v2\/types\/product"}],"wp:featuredmedia":[{"embeddable":true,"href":"https:\/\/www.xpartansys.com\/tienda\/index.php\/wp-json\/wp\/v2\/media\/176"}],"wp:attachment":[{"href":"https:\/\/www.xpartansys.com\/tienda\/index.php\/wp-json\/wp\/v2\/media?parent=48"}],"wp:term":[{"taxonomy":"product_cat","embeddable":true,"href":"https:\/\/www.xpartansys.com\/tienda\/index.php\/wp-json\/wp\/v2\/product_cat?post=48"},{"taxonomy":"product_tag","embeddable":true,"href":"https:\/\/www.xpartansys.com\/tienda\/index.php\/wp-json\/wp\/v2\/product_tag?post=48"}],"curies":[{"name":"wp","href":"https:\/\/api.w.org\/{rel}","templated":true}]}}